{"id":3056,"date":"2022-04-29T12:05:36","date_gmt":"2022-04-29T10:05:36","guid":{"rendered":"https:\/\/bast.avecnous.eu\/adda32\/?page_id=3056"},"modified":"2022-06-13T16:49:58","modified_gmt":"2022-06-13T14:49:58","slug":"lequipe","status":"publish","type":"page","link":"https:\/\/bast.avecnous.eu\/adda32\/lequipe\/","title":{"rendered":"Notre \u00e9quipe"},"content":{"rendered":"<h2 class=\"has-text-align-center has-white-color has-terracota-background-color has-text-color has-background wp-block-heading\">Le directeur <\/h2><div class=\"wp-block-columns alignwide has-white-background-color has-background is-layout-flex wp-container-core-columns-is-layout-794e3cfa wp-block-columns-is-layout-flex\"><div class=\"wp-block-column is-layout-flow wp-block-column-is-layout-flow\" style=\"flex-basis:33.33%\"><figure class=\"wp-block-image aligncenter size-full is-resized\"><img decoding=\"async\" src=\"https:\/\/bast.avecnous.eu\/adda32\/wp-content\/uploads\/sites\/2\/2022\/05\/Marc-Fouilland.jpeg\" alt=\"\" class=\"wp-image-3127\" width=\"300\" srcset=\"https:\/\/bast.avecnous.eu\/adda32\/wp-content\/uploads\/sites\/2\/2022\/05\/Marc-Fouilland.jpeg 705w, https:\/\/bast.avecnous.eu\/adda32\/wp-content\/uploads\/sites\/2\/2022\/05\/Marc-Fouilland-428x550.jpeg 428w\" sizes=\"(max-width: 705px) 100vw, 705px\" \/><\/figure><\/div>\n\n<div class=\"wp-block-column is-layout-flow wp-block-column-is-layout-flow\" style=\"flex-basis:66.66%\"><h2 class=\"wp-block-heading\">Marc Fouilland<\/h2>\n\n<blockquote class=\"wp-block-quote has-text-align-left is-layout-flow wp-block-quote-is-layout-flow\"><p>Responsable de la mise en \u0153uvre des missions,\u00a0que nous ont confi\u00e9 nos partenaires, le Conseil d\u00e9partemental du Gers et la DRAC, je garantis la mise en place du projet de l\u2019Adda du Gers que porte son \u00e9quipe. Bas\u00e9 sur la coop\u00e9ration, ce projet s\u2019appuie sur le d\u00e9veloppement de relations de travail de qualit\u00e9 favorisant des politiques et actions culturelles concert\u00e9es au profit de l\u2019\u00e9panouissement des citoyens et d\u2019une vie artistique riche et ind\u00e9pendante. Mon territoire d\u2019actions est naturellement le Gers, et avec la Plateforme interd\u00e9partementale des arts vivants en Occitanie, nos actions ont \u00e9galement une port\u00e9e r\u00e9gionale.<\/p><\/blockquote>\n\n<p class=\"has-text-align-right has-orange-color has-text-color wp-block-paragraph\"><strong>05.62.67.47.47<\/strong> &#8211; <a href=\"mailto:mfouilland.addagers@gers.fr\" data-type=\"mailto\" data-id=\"mailto:mfouilland.addagers@gers.fr\"><em>mfouilland<\/em>.<em>addagers@gers.fr<\/em><\/a><\/p><\/div><\/div><h2 class=\"has-text-align-center has-white-color has-terracota-background-color has-text-color has-background wp-block-heading\">L&rsquo;administratrice<\/h2><div class=\"wp-block-columns alignwide is-layout-flex wp-container-core-columns-is-layout-794e3cfa wp-block-columns-is-layout-flex\"><div class=\"wp-block-column is-layout-flow wp-block-column-is-layout-flow\" style=\"flex-basis:33.33%\"><figure class=\"wp-block-image aligncenter size-full is-resized\"><img decoding=\"async\" src=\"https:\/\/bast.avecnous.eu\/adda32\/wp-content\/uploads\/sites\/2\/2022\/04\/Danie\u0300le-Monge.jpg\" alt=\"\" class=\"wp-image-3059\" width=\"300\" srcset=\"https:\/\/bast.avecnous.eu\/adda32\/wp-content\/uploads\/sites\/2\/2022\/04\/Danie\u0300le-Monge.jpg 620w, https:\/\/bast.avecnous.eu\/adda32\/wp-content\/uploads\/sites\/2\/2022\/04\/Danie\u0300le-Monge-385x550.jpg 385w\" sizes=\"(max-width: 620px) 100vw, 620px\" \/><\/figure><\/div>\n\n<div class=\"wp-block-column is-layout-flow wp-block-column-is-layout-flow\" style=\"flex-basis:66.66%\"><h2 class=\"wp-block-heading\">Dani\u00e8le monge  <\/h2>\n\n<blockquote class=\"wp-block-quote is-layout-flow wp-block-quote-is-layout-flow\"><p>Charg\u00e9e d&rsquo;administration je m&rsquo;occupe de la gestion comptable et sociale. J&rsquo;assure une veille juridique et sociale et transmets des informations sur ces deux secteurs. Je suis \u00e9galement r\u00e9f\u00e9rente pour la mise \u00e0 disposition de mat\u00e9riel et de salles de r\u00e9union et de coworking. Je participe \u00e0 l&rsquo;accueil physique et t\u00e9l\u00e9phonique des publics<\/p><\/blockquote>\n\n<p class=\"has-text-align-right has-orange-color has-text-color wp-block-paragraph\"><strong><strong>05.62.67.47.4<\/strong>2 <\/strong>&#8211;<strong><em> <\/em><\/strong><a href=\"mailto:dmonge.addagers@gers.fr\"><em>dmonge.addagers@gers.fr<\/em><\/a><\/p><\/div><\/div><h2 class=\"has-text-align-center has-white-color has-terracota-background-color has-text-color has-background wp-block-heading\">Les Charg\u00e9es de missions<\/h2><div class=\"wp-block-columns alignwide has-white-background-color has-background is-layout-flex wp-container-core-columns-is-layout-794e3cfa wp-block-columns-is-layout-flex\"><div class=\"wp-block-column is-layout-flow wp-block-column-is-layout-flow\" style=\"flex-basis:33.33%\"><figure class=\"wp-block-image aligncenter size-full is-resized\"><img decoding=\"async\" src=\"https:\/\/bast.avecnous.eu\/adda32\/wp-content\/uploads\/sites\/2\/2022\/04\/Coralie-Reboulet-1.jpg\" alt=\"\" class=\"wp-image-3058\" width=\"300\" srcset=\"https:\/\/bast.avecnous.eu\/adda32\/wp-content\/uploads\/sites\/2\/2022\/04\/Coralie-Reboulet-1.jpg 623w, https:\/\/bast.avecnous.eu\/adda32\/wp-content\/uploads\/sites\/2\/2022\/04\/Coralie-Reboulet-1-448x550.jpg 448w\" sizes=\"(max-width: 623px) 100vw, 623px\" \/><\/figure><\/div>\n\n<div class=\"wp-block-column is-layout-flow wp-block-column-is-layout-flow\" style=\"flex-basis:66.66%\"><h2 class=\"wp-block-heading\">Coralie Reboulet <\/h2>\n\n<blockquote class=\"wp-block-quote is-layout-flow wp-block-quote-is-layout-flow\"><p>En tant que charg\u00e9e de mission, mon fil conducteur consiste \u00e0 conseiller et accompagner les compagnies professionnelles, \u00e9coles de pratique artistique et acteurs culturels pour valoriser leurs projets et favoriser les mises en synergie. R\u00e9f\u00e9rente pour la danse et le cirque, j\u2019ai \u00e0 c\u0153ur de d\u00e9velopper des projets d\u2019\u00e9ducation artistique dans ces domaines, sur les territoires et en tous lieux. Je contribue \u00e0 faire conna\u00eetre les aventures artistiques d\u00e9di\u00e9es aux amateur.trices et professionnel.les, mettant au centre la rencontre et la pratique.<\/p><\/blockquote>\n\n<p class=\"has-text-align-right has-orange-color has-text-color wp-block-paragraph\"><strong>05<\/strong>.<strong>62.67.47.46 <\/strong>&#8211; <em><a href=\"mailto:creboulet.addagers@gers.fr\">creboulet.addagers@gers.fr<\/a><\/em><\/p><\/div><\/div><div class=\"wp-block-columns alignwide is-layout-flex wp-container-core-columns-is-layout-794e3cfa wp-block-columns-is-layout-flex\"><div class=\"wp-block-column is-layout-flow wp-block-column-is-layout-flow\" style=\"flex-basis:33.33%\"><figure class=\"wp-block-image aligncenter size-full is-resized\"><img decoding=\"async\" src=\"https:\/\/bast.avecnous.eu\/adda32\/wp-content\/uploads\/sites\/2\/2022\/04\/Franc\u0327oise-Lamarque.jpeg\" alt=\"\" class=\"wp-image-3060\" width=\"300\" srcset=\"https:\/\/bast.avecnous.eu\/adda32\/wp-content\/uploads\/sites\/2\/2022\/04\/Franc\u0327oise-Lamarque.jpeg 649w, https:\/\/bast.avecnous.eu\/adda32\/wp-content\/uploads\/sites\/2\/2022\/04\/Franc\u0327oise-Lamarque-396x550.jpeg 396w\" sizes=\"(max-width: 649px) 100vw, 649px\" \/><\/figure><\/div>\n\n<div class=\"wp-block-column is-layout-flow wp-block-column-is-layout-flow\" style=\"flex-basis:66.66%\"><h2 class=\"wp-block-heading\">fran\u00e7oise lamarque<\/h2>\n\n<blockquote class=\"wp-block-quote is-layout-flow wp-block-quote-is-layout-flow\"><p>Je suis r\u00e9f\u00e9rente pour le domaine artistique des Musiques et \u00e0 ce titre d\u00e9veloppe des partenariats avec les acteurs culturels et institutions \u00e0 l\u2019\u00e9chelle d\u00e9partementale, r\u00e9gionale et nationale dans le but de promouvoir l\u2019enseignement, la pratique, la diffusion de la Musique ou des musiques.<\/p><\/blockquote>\n\n<p class=\"has-text-align-right has-orange-color has-text-color wp-block-paragraph\"><strong>05.62.67.47.49 &#8211; <\/strong><a href=\"mailto:flamarque.addagers@gers.fr\"><em>flamarque.addagers@gers.fr<\/em><\/a><\/p><\/div><\/div><div class=\"wp-block-columns alignwide has-white-background-color has-background is-layout-flex wp-container-core-columns-is-layout-794e3cfa wp-block-columns-is-layout-flex\"><div class=\"wp-block-column is-layout-flow wp-block-column-is-layout-flow\" style=\"flex-basis:33.33%\"><figure class=\"wp-block-image aligncenter size-full is-resized\"><img decoding=\"async\" src=\"https:\/\/bast.avecnous.eu\/adda32\/wp-content\/uploads\/sites\/2\/2022\/04\/Lucile-Debaye.jpeg\" alt=\"\" class=\"wp-image-3061\" width=\"300\" srcset=\"https:\/\/bast.avecnous.eu\/adda32\/wp-content\/uploads\/sites\/2\/2022\/04\/Lucile-Debaye.jpeg 601w, https:\/\/bast.avecnous.eu\/adda32\/wp-content\/uploads\/sites\/2\/2022\/04\/Lucile-Debaye-364x550.jpeg 364w\" sizes=\"(max-width: 601px) 100vw, 601px\" \/><\/figure><\/div>\n\n<div class=\"wp-block-column is-layout-flow wp-block-column-is-layout-flow\" style=\"flex-basis:66.66%\"><h2 class=\"wp-block-heading\">Lucile debaye<\/h2>\n\n<blockquote class=\"wp-block-quote is-layout-flow wp-block-quote-is-layout-flow\"><p>Charg\u00e9e de mission en priorit\u00e9 sur le champ th\u00e9\u00e2tral, je veille les dynamiques, identifie les ressources, les liens, les endroits de fragilit\u00e9, les atouts et singularit\u00e9s. J\u2019accompagne et valorise les groupes d\u2019amateurs.trices et les \u00e9quipes professionnelles dans leur structuration, leurs pratiques et d\u00e9marches artistiques. De fa\u00e7on plus transversale, je participe \u00e0 la facilitation de mises en r\u00e9seau et \u00e0 la construction de projets artistiques et culturels pour le territoire.<\/p><\/blockquote>\n\n<p class=\"has-text-align-right has-orange-color has-text-color wp-block-paragraph\"><strong>05.62.67.47.39 &#8211; <\/strong><a href=\"mailto:ldebaye.addagers@gers.fr\"><em>ldebaye.addagers@gers.fr<\/em><\/a><strong> <\/strong><\/p><\/div><\/div><h2 class=\"has-text-align-center has-white-color has-terracota-background-color has-text-color has-background wp-block-heading\">Le p\u00f4le ressources et communication<\/h2><div class=\"wp-block-columns alignwide is-layout-flex wp-container-core-columns-is-layout-794e3cfa wp-block-columns-is-layout-flex\"><div class=\"wp-block-column is-layout-flow wp-block-column-is-layout-flow\" style=\"flex-basis:33.33%\"><figure class=\"wp-block-image aligncenter size-full is-resized\"><img decoding=\"async\" src=\"https:\/\/bast.avecnous.eu\/adda32\/wp-content\/uploads\/sites\/2\/2022\/04\/Lauriane-Rouan.jpg\" alt=\"\" class=\"wp-image-3062\" width=\"300\" srcset=\"https:\/\/bast.avecnous.eu\/adda32\/wp-content\/uploads\/sites\/2\/2022\/04\/Lauriane-Rouan.jpg 664w, https:\/\/bast.avecnous.eu\/adda32\/wp-content\/uploads\/sites\/2\/2022\/04\/Lauriane-Rouan-404x550.jpg 404w\" sizes=\"(max-width: 664px) 100vw, 664px\" \/><\/figure><\/div>\n\n<div class=\"wp-block-column is-layout-flow wp-block-column-is-layout-flow\" style=\"flex-basis:66.66%\"><h2 class=\"wp-block-heading\">Lauriane rouan<\/h2>\n\n<blockquote class=\"wp-block-quote is-layout-flow wp-block-quote-is-layout-flow\"><p>Charg\u00e9e de d\u00e9veloppement ressources et communication, je suis responsable de la collecte des donn\u00e9es dans une d\u00e9marche d\u2019observation afin d\u2019obtenir\u00a0 une meilleure appr\u00e9hension des situations des acteurs culturels et un meilleur accompagnement des politiques publiques. J\u2019assure \u00e9galement la gestion de notre base de donn\u00e9es RIC, j\u2019anime notre site internet, nos r\u00e9seaux sociaux, et cr\u00e9e les outils de communication. J\u2019organise des formations sur diff\u00e9rentes th\u00e9matiques.<\/p><\/blockquote>\n\n<p class=\"has-text-align-right has-orange-color has-text-color wp-block-paragraph\"><strong>05.62.67.47.44 &#8211; <\/strong><a href=\"mailto:lrouan.addagers@gers.fr\"><em>lrouan.addagers@gers.fr<\/em><\/a><\/p><\/div><\/div><div class=\"wp-block-columns alignwide has-white-background-color has-background is-layout-flex wp-container-core-columns-is-layout-794e3cfa wp-block-columns-is-layout-flex\"><div class=\"wp-block-column is-layout-flow wp-block-column-is-layout-flow\" style=\"flex-basis:33.33%\"><figure class=\"wp-block-image aligncenter size-full is-resized\"><img decoding=\"async\" src=\"https:\/\/bast.avecnous.eu\/adda32\/wp-content\/uploads\/sites\/2\/2022\/04\/Isabelle-Blouet.jpeg\" alt=\"\" class=\"wp-image-3063\" width=\"300\" srcset=\"https:\/\/bast.avecnous.eu\/adda32\/wp-content\/uploads\/sites\/2\/2022\/04\/Isabelle-Blouet.jpeg 665w, https:\/\/bast.avecnous.eu\/adda32\/wp-content\/uploads\/sites\/2\/2022\/04\/Isabelle-Blouet-402x550.jpeg 402w\" sizes=\"(max-width: 665px) 100vw, 665px\" \/><\/figure><\/div>\n\n<div class=\"wp-block-column is-layout-flow wp-block-column-is-layout-flow\" style=\"flex-basis:66.66%\"><h2 class=\"wp-block-heading\">isabelle blouet<\/h2>\n\n<blockquote class=\"wp-block-quote is-layout-flow wp-block-quote-is-layout-flow\"><p>Charg\u00e9e de communication et de ressources, je contribue \u00e0 la promotion&nbsp;: newsletters, agenda, conf\u00e9rences de presse de l\u2019ensemble des actions men\u00e9es par l\u2019Adda du Gers. En lien avec ma coll\u00e8gue Lauriane Rouan, je participe au suivi et \u00e0 la gestion du site internet&nbsp;; mise \u00e0 jour permanente des donn\u00e9es et informations en s\u2019appuyant sur le logiciel de base de donn\u00e9es RIC. Actuellement, en remplacement de Laura Soucek Nogu\u00e8s jusqu\u2019\u00e0 mi-septembre.<\/p><\/blockquote>\n\n<p class=\"has-text-align-right has-orange-color has-text-color wp-block-paragraph\"><strong>05.62.67.47.52 &#8211; <\/strong><a href=\"mailto:iblouet.addagers@gers.fr\"><em>iblouet.addagers@gers.fr<\/em><\/a><\/p><\/div><\/div>","protected":false},"excerpt":{"rendered":"<p>Le directeur Marc Fouilland Responsable de la mise en \u0153uvre des missions,\u00a0que nous ont confi\u00e9 nos partenaires, le Conseil d\u00e9partemental du Gers et la DRAC, je garantis la mise en place du projet de l\u2019Adda du Gers que porte son \u00e9quipe. Bas\u00e9 sur la coop\u00e9ration, ce projet s\u2019appuie sur le d\u00e9veloppement de relations de travail [&hellip;]<\/p>\n","protected":false},"author":2,"featured_media":0,"parent":0,"menu_order":0,"comment_status":"closed","ping_status":"closed","template":"","meta":{"footnotes":""},"class_list":["post-3056","page","type-page","status-publish","hentry"],"yoast_head":"<!-- This site is optimized with the Yoast SEO plugin v27.2 - https:\/\/yoast.com\/product\/yoast-seo-wordpress\/ -->\n<title>Notre \u00e9quipe - ADDA du Gers<\/title>\n<meta name=\"robots\" content=\"index, follow, max-snippet:-1, max-image-preview:large, max-video-preview:-1\" \/>\n<link rel=\"canonical\" href=\"https:\/\/bast.avecnous.eu\/adda32\/lequipe\/\" \/>\n<meta property=\"og:locale\" content=\"fr_FR\" \/>\n<meta property=\"og:type\" content=\"article\" \/>\n<meta property=\"og:title\" content=\"Notre \u00e9quipe - ADDA du Gers\" \/>\n<meta property=\"og:description\" content=\"Le directeur Marc Fouilland Responsable de la mise en \u0153uvre des missions,\u00a0que nous ont confi\u00e9 nos partenaires, le Conseil d\u00e9partemental du Gers et la DRAC, je garantis la mise en place du projet de l\u2019Adda du Gers que porte son \u00e9quipe. Bas\u00e9 sur la coop\u00e9ration, ce projet s\u2019appuie sur le d\u00e9veloppement de relations de travail [&hellip;]\" \/>\n<meta property=\"og:url\" content=\"https:\/\/bast.avecnous.eu\/adda32\/lequipe\/\" \/>\n<meta property=\"og:site_name\" content=\"ADDA du Gers\" \/>\n<meta property=\"article:modified_time\" content=\"2022-06-13T14:49:58+00:00\" \/>\n<meta property=\"og:image\" content=\"https:\/\/bast.avecnous.eu\/adda32\/wp-content\/uploads\/sites\/2\/2022\/05\/Marc-Fouilland.jpeg\" \/>\n<meta name=\"twitter:card\" content=\"summary_large_image\" \/>\n<meta name=\"twitter:label1\" content=\"Dur\u00e9e de lecture estim\u00e9e\" \/>\n\t<meta name=\"twitter:data1\" content=\"5 minutes\" \/>\n<script type=\"application\/ld+json\" class=\"yoast-schema-graph\">{\"@context\":\"https:\/\/schema.org\",\"@graph\":[{\"@type\":\"WebPage\",\"@id\":\"https:\/\/bast.avecnous.eu\/adda32\/lequipe\/\",\"url\":\"https:\/\/bast.avecnous.eu\/adda32\/lequipe\/\",\"name\":\"Notre \u00e9quipe - ADDA du Gers\",\"isPartOf\":{\"@id\":\"https:\/\/bast.avecnous.eu\/adda32\/#website\"},\"primaryImageOfPage\":{\"@id\":\"https:\/\/bast.avecnous.eu\/adda32\/lequipe\/#primaryimage\"},\"image\":{\"@id\":\"https:\/\/bast.avecnous.eu\/adda32\/lequipe\/#primaryimage\"},\"thumbnailUrl\":\"https:\/\/bast.avecnous.eu\/adda32\/wp-content\/uploads\/sites\/2\/2022\/05\/Marc-Fouilland.jpeg\",\"datePublished\":\"2022-04-29T10:05:36+00:00\",\"dateModified\":\"2022-06-13T14:49:58+00:00\",\"breadcrumb\":{\"@id\":\"https:\/\/bast.avecnous.eu\/adda32\/lequipe\/#breadcrumb\"},\"inLanguage\":\"fr-FR\",\"potentialAction\":[{\"@type\":\"ReadAction\",\"target\":[\"https:\/\/bast.avecnous.eu\/adda32\/lequipe\/\"]}]},{\"@type\":\"ImageObject\",\"inLanguage\":\"fr-FR\",\"@id\":\"https:\/\/bast.avecnous.eu\/adda32\/lequipe\/#primaryimage\",\"url\":\"https:\/\/bast.avecnous.eu\/adda32\/wp-content\/uploads\/sites\/2\/2022\/05\/Marc-Fouilland.jpeg\",\"contentUrl\":\"https:\/\/bast.avecnous.eu\/adda32\/wp-content\/uploads\/sites\/2\/2022\/05\/Marc-Fouilland.jpeg\",\"width\":705,\"height\":907},{\"@type\":\"BreadcrumbList\",\"@id\":\"https:\/\/bast.avecnous.eu\/adda32\/lequipe\/#breadcrumb\",\"itemListElement\":[{\"@type\":\"ListItem\",\"position\":1,\"name\":\"Accueil\",\"item\":\"https:\/\/bast.avecnous.eu\/adda32\/\"},{\"@type\":\"ListItem\",\"position\":2,\"name\":\"Notre \u00e9quipe\"}]},{\"@type\":\"WebSite\",\"@id\":\"https:\/\/bast.avecnous.eu\/adda32\/#website\",\"url\":\"https:\/\/bast.avecnous.eu\/adda32\/\",\"name\":\"ADDA du Gers\",\"description\":\"Association D\u00e9partementale pour le D\u00e9veloppement des Arts\",\"publisher\":{\"@id\":\"https:\/\/bast.avecnous.eu\/adda32\/#organization\"},\"potentialAction\":[{\"@type\":\"SearchAction\",\"target\":{\"@type\":\"EntryPoint\",\"urlTemplate\":\"https:\/\/bast.avecnous.eu\/adda32\/?s={search_term_string}\"},\"query-input\":{\"@type\":\"PropertyValueSpecification\",\"valueRequired\":true,\"valueName\":\"search_term_string\"}}],\"inLanguage\":\"fr-FR\"},{\"@type\":\"Organization\",\"@id\":\"https:\/\/bast.avecnous.eu\/adda32\/#organization\",\"name\":\"ADDA du Gers\",\"url\":\"https:\/\/bast.avecnous.eu\/adda32\/\",\"logo\":{\"@type\":\"ImageObject\",\"inLanguage\":\"fr-FR\",\"@id\":\"https:\/\/bast.avecnous.eu\/adda32\/#\/schema\/logo\/image\/\",\"url\":\"https:\/\/bast.avecnous.eu\/adda32\/wp-content\/uploads\/sites\/2\/2022\/06\/ADDA-du-Gers_logoTitre_448p.png\",\"contentUrl\":\"https:\/\/bast.avecnous.eu\/adda32\/wp-content\/uploads\/sites\/2\/2022\/06\/ADDA-du-Gers_logoTitre_448p.png\",\"width\":448,\"height\":190,\"caption\":\"ADDA du Gers\"},\"image\":{\"@id\":\"https:\/\/bast.avecnous.eu\/adda32\/#\/schema\/logo\/image\/\"}}]}<\/script>\n<!-- \/ Yoast SEO plugin. -->","yoast_head_json":{"title":"Notre \u00e9quipe - ADDA du Gers","robots":{"index":"index","follow":"follow","max-snippet":"max-snippet:-1","max-image-preview":"max-image-preview:large","max-video-preview":"max-video-preview:-1"},"canonical":"https:\/\/bast.avecnous.eu\/adda32\/lequipe\/","og_locale":"fr_FR","og_type":"article","og_title":"Notre \u00e9quipe - ADDA du Gers","og_description":"Le directeur Marc Fouilland Responsable de la mise en \u0153uvre des missions,\u00a0que nous ont confi\u00e9 nos partenaires, le Conseil d\u00e9partemental du Gers et la DRAC, je garantis la mise en place du projet de l\u2019Adda du Gers que porte son \u00e9quipe. Bas\u00e9 sur la coop\u00e9ration, ce projet s\u2019appuie sur le d\u00e9veloppement de relations de travail [&hellip;]","og_url":"https:\/\/bast.avecnous.eu\/adda32\/lequipe\/","og_site_name":"ADDA du Gers","article_modified_time":"2022-06-13T14:49:58+00:00","og_image":[{"url":"https:\/\/bast.avecnous.eu\/adda32\/wp-content\/uploads\/sites\/2\/2022\/05\/Marc-Fouilland.jpeg","type":"","width":"","height":""}],"twitter_card":"summary_large_image","twitter_misc":{"Dur\u00e9e de lecture estim\u00e9e":"5 minutes"},"schema":{"@context":"https:\/\/schema.org","@graph":[{"@type":"WebPage","@id":"https:\/\/bast.avecnous.eu\/adda32\/lequipe\/","url":"https:\/\/bast.avecnous.eu\/adda32\/lequipe\/","name":"Notre \u00e9quipe - ADDA du Gers","isPartOf":{"@id":"https:\/\/bast.avecnous.eu\/adda32\/#website"},"primaryImageOfPage":{"@id":"https:\/\/bast.avecnous.eu\/adda32\/lequipe\/#primaryimage"},"image":{"@id":"https:\/\/bast.avecnous.eu\/adda32\/lequipe\/#primaryimage"},"thumbnailUrl":"https:\/\/bast.avecnous.eu\/adda32\/wp-content\/uploads\/sites\/2\/2022\/05\/Marc-Fouilland.jpeg","datePublished":"2022-04-29T10:05:36+00:00","dateModified":"2022-06-13T14:49:58+00:00","breadcrumb":{"@id":"https:\/\/bast.avecnous.eu\/adda32\/lequipe\/#breadcrumb"},"inLanguage":"fr-FR","potentialAction":[{"@type":"ReadAction","target":["https:\/\/bast.avecnous.eu\/adda32\/lequipe\/"]}]},{"@type":"ImageObject","inLanguage":"fr-FR","@id":"https:\/\/bast.avecnous.eu\/adda32\/lequipe\/#primaryimage","url":"https:\/\/bast.avecnous.eu\/adda32\/wp-content\/uploads\/sites\/2\/2022\/05\/Marc-Fouilland.jpeg","contentUrl":"https:\/\/bast.avecnous.eu\/adda32\/wp-content\/uploads\/sites\/2\/2022\/05\/Marc-Fouilland.jpeg","width":705,"height":907},{"@type":"BreadcrumbList","@id":"https:\/\/bast.avecnous.eu\/adda32\/lequipe\/#breadcrumb","itemListElement":[{"@type":"ListItem","position":1,"name":"Accueil","item":"https:\/\/bast.avecnous.eu\/adda32\/"},{"@type":"ListItem","position":2,"name":"Notre \u00e9quipe"}]},{"@type":"WebSite","@id":"https:\/\/bast.avecnous.eu\/adda32\/#website","url":"https:\/\/bast.avecnous.eu\/adda32\/","name":"ADDA du Gers","description":"Association D\u00e9partementale pour le D\u00e9veloppement des Arts","publisher":{"@id":"https:\/\/bast.avecnous.eu\/adda32\/#organization"},"potentialAction":[{"@type":"SearchAction","target":{"@type":"EntryPoint","urlTemplate":"https:\/\/bast.avecnous.eu\/adda32\/?s={search_term_string}"},"query-input":{"@type":"PropertyValueSpecification","valueRequired":true,"valueName":"search_term_string"}}],"inLanguage":"fr-FR"},{"@type":"Organization","@id":"https:\/\/bast.avecnous.eu\/adda32\/#organization","name":"ADDA du Gers","url":"https:\/\/bast.avecnous.eu\/adda32\/","logo":{"@type":"ImageObject","inLanguage":"fr-FR","@id":"https:\/\/bast.avecnous.eu\/adda32\/#\/schema\/logo\/image\/","url":"https:\/\/bast.avecnous.eu\/adda32\/wp-content\/uploads\/sites\/2\/2022\/06\/ADDA-du-Gers_logoTitre_448p.png","contentUrl":"https:\/\/bast.avecnous.eu\/adda32\/wp-content\/uploads\/sites\/2\/2022\/06\/ADDA-du-Gers_logoTitre_448p.png","width":448,"height":190,"caption":"ADDA du Gers"},"image":{"@id":"https:\/\/bast.avecnous.eu\/adda32\/#\/schema\/logo\/image\/"}}]}},"_links":{"self":[{"href":"https:\/\/bast.avecnous.eu\/adda32\/wp-json\/wp\/v2\/pages\/3056","targetHints":{"allow":["GET"]}}],"collection":[{"href":"https:\/\/bast.avecnous.eu\/adda32\/wp-json\/wp\/v2\/pages"}],"about":[{"href":"https:\/\/bast.avecnous.eu\/adda32\/wp-json\/wp\/v2\/types\/page"}],"author":[{"embeddable":true,"href":"https:\/\/bast.avecnous.eu\/adda32\/wp-json\/wp\/v2\/users\/2"}],"replies":[{"embeddable":true,"href":"https:\/\/bast.avecnous.eu\/adda32\/wp-json\/wp\/v2\/comments?post=3056"}],"version-history":[{"count":19,"href":"https:\/\/bast.avecnous.eu\/adda32\/wp-json\/wp\/v2\/pages\/3056\/revisions"}],"predecessor-version":[{"id":5147,"href":"https:\/\/bast.avecnous.eu\/adda32\/wp-json\/wp\/v2\/pages\/3056\/revisions\/5147"}],"wp:attachment":[{"href":"https:\/\/bast.avecnous.eu\/adda32\/wp-json\/wp\/v2\/media?parent=3056"}],"curies":[{"name":"wp","href":"https:\/\/api.w.org\/{rel}","templated":true}]}}